{"id":118,"date":"2023-06-27T09:35:35","date_gmt":"2023-06-27T09:35:35","guid":{"rendered":"https:\/\/devoted-dancause-36.zipwp.dev\/?page_id=118"},"modified":"2024-03-29T17:25:57","modified_gmt":"2024-03-29T17:25:57","slug":"about","status":"publish","type":"page","link":"https:\/\/dev.orthospirits.com\/en\/about\/","title":{"rendered":"OS team"},"content":{"rendered":"<div class=\"wp-block-uagb-container uagb-block-7fa683e6 alignfull uagb-is-root-container\"><div class=\"uagb-container-inner-blocks-wrap\">\n<div class=\"wp-block-uagb-advanced-heading uagb-block-74b342eb\"><h1 class=\"uagb-heading-text\">Orthodontics through coaching<\/h1><\/div>\n<\/div><\/div>\n\n\n\n<div class=\"wp-block-uagb-container uagb-block-94ded581 alignfull uagb-is-root-container\"><div class=\"uagb-container-inner-blocks-wrap\">\n<div class=\"wp-block-uagb-advanced-heading uagb-block-671f3570\"><h2 class=\"uagb-heading-text\">What is our Expertise?<\/h2><\/div>\n\n\n\n<figure class=\"wp-block-image size-full\"><img loading=\"lazy\" decoding=\"async\" width=\"258\" height=\"289\" src=\"https:\/\/www.orthospirits.com\/wp-content\/uploads\/2024\/02\/Capture-decran-2024-02-07-a-14.10.21.png\" alt=\"\" class=\"wp-image-1159\" title=\"Dr Luc ARZEL\"\/><\/figure>\n\n\n\n<div class=\"wp-block-uagb-container uagb-block-21891d52\">\n<div class=\"wp-block-uagb-container uagb-block-8a4a99e4\">\n<div class=\"wp-block-uagb-image alignleft uagb-block-e71a6b83 wp-block-uagb-image--layout-default wp-block-uagb-image--effect-static wp-block-uagb-image--align-left\"><figure class=\"wp-block-uagb-image__figure\"><img decoding=\"async\" srcset=\"https:\/\/www.orthospirits.com\/wp-content\/uploads\/2024\/02\/braces-2886589_1920-1024x576.jpg ,https:\/\/www.orthospirits.com\/wp-content\/uploads\/2024\/02\/braces-2886589_1920.jpg 780w, https:\/\/www.orthospirits.com\/wp-content\/uploads\/2024\/02\/braces-2886589_1920.jpg 360w\" sizes=\"auto, (max-width: 480px) 150px\" src=\"https:\/\/www.orthospirits.com\/wp-content\/uploads\/2024\/02\/braces-2886589_1920-1024x576.jpg\" alt=\"\" class=\"uag-image-1447\" width=\"705\" height=\"296\" title=\"\" loading=\"lazy\" role=\"img\"\/><\/figure><\/div>\n<\/div>\n\n\n\n<div class=\"wp-block-uagb-container uagb-block-7e959f87\">\n<div class=\"wp-block-uagb-info-box uagb-block-4960c374 uagb-infobox__content-wrap  uagb-infobox-icon-above-title uagb-infobox-image-valign-top\"><div class=\"uagb-ifb-content\"><div class=\"uagb-ifb-title-wrap\"><h5 class=\"uagb-ifb-title\">At <mark style=\"background-color:rgba(0, 0, 0, 0)\" class=\"has-inline-color has-ast-global-color-0-color\">ORTHO SPIRITS<\/mark>, we offer you personalized support.<\/h5><\/div><p class=\"uagb-ifb-desc\">Having conducted thousands of cases in all orthodontic techniques, in multi-brackets or aligners;<br>Le fondateur, le docteur luc ARZEL, 30 ans d&rsquo;exp\u00e9rience, Sp\u00e9cialiste en Orthop\u00e9die Dento-Faciale, CECSMO de l\u2019universit\u00e9 de MONTPELLIER, est conf\u00e9rencier international notamment sur : <br>-mini screws in severe cases<br>-CLII correction with modified WILSON technic.<br> -Laser in Orthodontics.<br> -And is responsible of the EDS pre-implant and pre-prosthetic master<br>He was also a teacher at the faculty of NICE.<br><br>Notre base de clients comprend des praticiens venus chercher un coaching qui leur permet de progresser, provenant de FRANCE et de l&rsquo;\u00e9tranger.<\/p><\/div><\/div>\n<\/div>\n<\/div>\n<\/div><\/div>\n\n\n\n<div class=\"wp-block-uagb-container uagb-block-cc344175 alignfull uagb-is-root-container\"><div class=\"uagb-container-inner-blocks-wrap\">\n<div class=\"wp-block-uagb-advanced-heading uagb-block-7b2294a3\"><h2 class=\"uagb-heading-text\">Our core values<\/h2><p class=\"uagb-desc-text\">Helping you navigate the world of orthodontics.<\/p><\/div>\n\n\n\n<div class=\"wp-block-uagb-container uagb-block-ecb8dade\">\n<div class=\"wp-block-uagb-advanced-heading uagb-block-bef7d43a\"><h4 class=\"uagb-heading-text\">Precision<\/h4><p class=\"uagb-desc-text\">                                                                    By prioritizing the accuracy of our diagnoses and treatment plans, start your cases clean from the start.<\/p><\/div>\n\n\n\n<div class=\"wp-block-uagb-advanced-heading uagb-block-b863782d\"><h4 class=\"uagb-heading-text\">Personalization and support<\/h4><p class=\"uagb-desc-text\">We offer you a tailor-made orthodontic solution, particularly for aligner treatments, and let us check your set-ups.<\/p><\/div>\n\n\n\n<div class=\"wp-block-uagb-advanced-heading uagb-block-9f890ad2\"><h4 class=\"uagb-heading-text\">Innovation and formation <\/h4><p class=\"uagb-desc-text\">                                                          Discover our paid E_Learning training courses and draw from the ORTHO SPIRITS ACADEMY toolbox and stay on top! <mark style=\"background-color:rgba(0, 0, 0, 0)\" class=\"has-inline-color has-ast-global-color-0-color\">ORTHO SPIRITS ACADEMY<\/mark>Stay on top!<\/p><\/div>\n<\/div>\n\n\n\n<div class=\"wp-block-uagb-container uagb-block-993ae9f0\">\n<figure class=\"wp-block-image size-large\"><img loading=\"lazy\" decoding=\"async\" width=\"1024\" height=\"424\" src=\"https:\/\/www.orthospirits.com\/wp-content\/uploads\/2024\/02\/Capture-decran-2024-02-09-a-10.55.57-1024x424.png\" alt=\"\" class=\"wp-image-1242\" srcset=\"https:\/\/dev.orthospirits.com\/wp-content\/uploads\/2024\/02\/Capture-decran-2024-02-09-a-10.55.57-1024x424.png 1024w, https:\/\/dev.orthospirits.com\/wp-content\/uploads\/2024\/02\/Capture-decran-2024-02-09-a-10.55.57-600x249.png 600w, https:\/\/dev.orthospirits.com\/wp-content\/uploads\/2024\/02\/Capture-decran-2024-02-09-a-10.55.57-300x124.png 300w, https:\/\/dev.orthospirits.com\/wp-content\/uploads\/2024\/02\/Capture-decran-2024-02-09-a-10.55.57-768x318.png 768w, https:\/\/dev.orthospirits.com\/wp-content\/uploads\/2024\/02\/Capture-decran-2024-02-09-a-10.55.57-1536x636.png 1536w, https:\/\/dev.orthospirits.com\/wp-content\/uploads\/2024\/02\/Capture-decran-2024-02-09-a-10.55.57-18x7.png 18w, https:\/\/dev.orthospirits.com\/wp-content\/uploads\/2024\/02\/Capture-decran-2024-02-09-a-10.55.57.png 1658w\" sizes=\"auto, (max-width: 1024px) 100vw, 1024px\" \/><\/figure>\n<\/div>\n<\/div><\/div>\n\n\n\n<div class=\"wp-block-uagb-container uagb-block-c84325e4 alignfull uagb-is-root-container\"><div class=\"uagb-container-inner-blocks-wrap\">\n<div class=\"wp-block-uagb-info-box uagb-block-d8a09d88 uagb-infobox__content-wrap  uagb-infobox-icon-above-title uagb-infobox-image-valign-top\"><div class=\"uagb-ifb-content\"><div class=\"uagb-ifb-title-wrap\"><h2 class=\"uagb-ifb-title\"> transform your orthodontic workflow today<\/h2><\/div><p class=\"uagb-ifb-desc\">Join <mark style=\"background-color:rgba(0, 0, 0, 0)\" class=\"has-inline-color has-ast-global-color-0-color\">Ortho Spirits<\/mark> now , follow our acute advices , anticipate the problems<br>lower your stress <\/p><div class=\"uagb-ifb-button-wrapper wp-block-button\"><a href=\"\/en\/contact\/\" class=\"uagb-infobox-cta-link wp-block-button__link\" target=\"_self\" rel=\"noopener noreferrer\" onclick=\"return true;\" alt=\"\"><span class=\"uagb-inline-editing\">Join now<\/span><\/a><\/div><\/div><\/div>\n<\/div><\/div>\n\n\n\n<figure class=\"wp-block-image\"><img decoding=\"async\" src=\"blob:https:\/\/www.orthospirits.com\/3550a708-f833-4f2e-aee2-2ac889e1998e\" alt=\"\"\/><\/figure>","protected":false},"excerpt":{"rendered":"<p>L&rsquo;Orthodontie par le coaching Quelle est notre Expertise? Nos Valeurs Vous aider \u00e0 naviguer dans le monde de l&rsquo;orthodontie. Precision En donnant la priorit\u00e9 \u00e0 la pr\u00e9cision de nos diagnostics et plans de traitement, commencez vos cas proprement. Personnalisation et accompagnement Nous vous offrons une solution orthodontique sur-mesure notamment sur les traitements par aligners et [&hellip;]<\/p>\n","protected":false},"author":6,"featured_media":0,"parent":0,"menu_order":0,"comment_status":"closed","ping_status":"closed","template":"","meta":{"_uag_custom_page_level_css":"","site-sidebar-layout":"default","site-content-layout":"","ast-site-content-layout":"default","site-content-style":"default","site-sidebar-style":"default","ast-global-header-display":"","ast-banner-title-visibility":"","ast-main-header-display":"","ast-hfb-above-header-display":"","ast-hfb-below-header-display":"","ast-hfb-mobile-header-display":"","site-post-title":"disabled","ast-breadcrumbs-content":"","ast-featured-img":"","footer-sml-layout":"","ast-disable-related-posts":"","theme-transparent-header-meta":"enabled","adv-header-id-meta":"","stick-header-meta":"","header-above-stick-meta":"","header-main-stick-meta":"","header-below-stick-meta":"","astra-migrate-meta-layouts":"set","ast-page-background-enabled":"default","ast-page-background-meta":{"desktop":{"background-color":"var(--ast-global-color-4)","background-image":"","background-repeat":"repeat","background-position":"center center","background-size":"auto","background-attachment":"scroll","background-type":"","background-media":"","overlay-type":"","overlay-color":"","overlay-opacity":"","overlay-gradient":""},"tablet":{"background-color":"","background-image":"","background-repeat":"repeat","background-position":"center center","background-size":"auto","background-attachment":"scroll","background-type":"","background-media":"","overlay-type":"","overlay-color":"","overlay-opacity":"","overlay-gradient":""},"mobile":{"background-color":"","background-image":"","background-repeat":"repeat","background-position":"center center","background-size":"auto","background-attachment":"scroll","background-type":"","background-media":"","overlay-type":"","overlay-color":"","overlay-opacity":"","overlay-gradient":""}},"ast-content-background-meta":{"desktop":{"background-color":"var(--ast-global-color-5)","background-image":"","background-repeat":"repeat","background-position":"center center","background-size":"auto","background-attachment":"scroll","background-type":"","background-media":"","overlay-type":"","overlay-color":"","overlay-opacity":"","overlay-gradient":""},"tablet":{"background-color":"var(--ast-global-color-5)","background-image":"","background-repeat":"repeat","background-position":"center center","background-size":"auto","background-attachment":"scroll","background-type":"","background-media":"","overlay-type":"","overlay-color":"","overlay-opacity":"","overlay-gradient":""},"mobile":{"background-color":"var(--ast-global-color-5)","background-image":"","background-repeat":"repeat","background-position":"center center","background-size":"auto","background-attachment":"scroll","background-type":"","background-media":"","overlay-type":"","overlay-color":"","overlay-opacity":"","overlay-gradient":""}},"footnotes":""},"class_list":["post-118","page","type-page","status-publish","hentry"],"uagb_featured_image_src":{"full":false,"thumbnail":false,"medium":false,"medium_large":false,"large":false,"1536x1536":false,"2048x2048":false,"trp-custom-language-flag":false,"woocommerce_thumbnail":false,"woocommerce_single":false,"woocommerce_gallery_thumbnail":false},"uagb_author_info":{"display_name":"Ad1SUI8b4X0F","author_link":"https:\/\/dev.orthospirits.com\/en\/author\/ad1sui8b4x0f\/"},"uagb_comment_info":0,"uagb_excerpt":"L&rsquo;Orthodontie par le coaching Quelle est notre Expertise? Nos Valeurs Vous aider \u00e0 naviguer dans le monde de l&rsquo;orthodontie. Precision En donnant la priorit\u00e9 \u00e0 la pr\u00e9cision de nos diagnostics et plans de traitement, commencez vos cas proprement. Personnalisation et accompagnement Nous vous offrons une solution orthodontique sur-mesure notamment sur les traitements par aligners et&hellip;","jetpack_sharing_enabled":true,"_links":{"self":[{"href":"https:\/\/dev.orthospirits.com\/en\/wp-json\/wp\/v2\/pages\/118","targetHints":{"allow":["GET"]}}],"collection":[{"href":"https:\/\/dev.orthospirits.com\/en\/wp-json\/wp\/v2\/pages"}],"about":[{"href":"https:\/\/dev.orthospirits.com\/en\/wp-json\/wp\/v2\/types\/page"}],"author":[{"embeddable":true,"href":"https:\/\/dev.orthospirits.com\/en\/wp-json\/wp\/v2\/users\/6"}],"replies":[{"embeddable":true,"href":"https:\/\/dev.orthospirits.com\/en\/wp-json\/wp\/v2\/comments?post=118"}],"version-history":[{"count":13,"href":"https:\/\/dev.orthospirits.com\/en\/wp-json\/wp\/v2\/pages\/118\/revisions"}],"predecessor-version":[{"id":1818,"href":"https:\/\/dev.orthospirits.com\/en\/wp-json\/wp\/v2\/pages\/118\/revisions\/1818"}],"wp:attachment":[{"href":"https:\/\/dev.orthospirits.com\/en\/wp-json\/wp\/v2\/media?parent=118"}],"curies":[{"name":"wp","href":"https:\/\/api.w.org\/{rel}","templated":true}]}}