{"id":1182,"date":"2024-02-08T06:42:49","date_gmt":"2024-02-08T06:42:49","guid":{"rendered":"https:\/\/devoted-dancause-36.zipwp.dev\/?page_id=1182"},"modified":"2024-03-28T18:36:06","modified_gmt":"2024-03-28T18:36:06","slug":"orthodontie-pre-implantaire-et-pre-prothetique","status":"publish","type":"page","link":"https:\/\/dev.orthospirits.com\/en\/orthodontie-pre-implantaire-et-pre-prothetique\/","title":{"rendered":"pre-prosthetic ortho"},"content":{"rendered":"<div class=\"wp-block-uagb-container uagb-block-dl4sixdv alignfull uagb-is-root-container\"><div class=\"uagb-container-inner-blocks-wrap\">\n<div class=\"wp-block-uagb-info-box uagb-block-tlrdosrp uagb-infobox__content-wrap  uagb-infobox-icon-above-title uagb-infobox-image-valign-top\"><div class=\"uagb-ifb-content\"><div class=\"uagb-ifb-title-wrap\"><h1 class=\"uagb-ifb-title\">To make the prosthesis easier for you<\/h1><\/div><p class=\"uagb-ifb-desc\"><mark style=\"background-color:rgba(0, 0, 0, 0)\" class=\"has-inline-color has-ast-global-color-0-color\">ORTHO SPIRITS<\/mark> is here to help you in your orthodontic preparations, ready to deliver a turnkey solution...and become more conservative<\/p><\/div><\/div>\n<\/div><\/div>\n\n\n\n<div class=\"wp-block-uagb-container uagb-block-shavxljo alignfull uagb-is-root-container\"><div class=\"uagb-container-inner-blocks-wrap\">\n<div class=\"wp-block-uagb-container uagb-block-cc5rapol\">\n<div class=\"wp-block-uagb-container uagb-block-jm30s0w6\">\n<div class=\"wp-block-uagb-info-box uagb-block-oyspz4xd uagb-infobox__content-wrap  uagb-infobox-icon-above-title uagb-infobox-image-valign-top\"><div class=\"uagb-ifb-content\"><div class=\"uagb-ifb-title-wrap\"><h2 class=\"uagb-ifb-title\">Our solutions<\/h2><\/div><p class=\"uagb-ifb-desc\">Pre-implant or pre-prosthetic orthodontic treatments for adults have developed considerably in recent years.<br>We have tools at our disposal that allow us to carry out fairly rapid treatments. Responding exactly to the pre-prosthetic challenge, a fixed treatment on a simple sectional or aligner can facilitate the prosthetic follow-up.<br>L&rsquo;orthodontie permet aux odontologistes, par un travail d\u2019\u00e9quipe avec un coach orthodontique, d\u2019\u00e9largir leurs possibilit\u00e9s de traitement, d\u2019avoir des objectifs plus ambitieux dans le but d\u2019une r\u00e9habilitation optimale.<br>This with a simple teatment<br>Une pr\u00e9paration orthodontique pr\u00e9-implantaire permettra, dans certains cas, d&rsquo;am\u00e9nager les sites ; elle permet ainsi une optimisation de la r\u00e9alisation implantaire et de son pronostic.<br>La pr\u00e9visualisation th\u00e9rapeutique gr\u00e2ce \u00e0 <mark style=\"background-color:rgba(0, 0, 0, 0)\" class=\"has-inline-color has-ast-global-color-0-color\">ORTHO SPIRITS<\/mark> Therapeutic preview thanks to ORTHO SPIRITS is a very interesting intellectual process and the guarantee of achieving the end-of-treatment objectives, without compromise.<\/p><\/div><\/div>\n<\/div>\n\n\n\n<div class=\"wp-block-uagb-container uagb-block-sulnf044\">\n<div class=\"wp-block-uagb-image alignleft uagb-block-jzcaervb wp-block-uagb-image--layout-default wp-block-uagb-image--effect-static wp-block-uagb-image--align-left\"><figure class=\"wp-block-uagb-image__figure\"><img decoding=\"async\" srcset=\"https:\/\/www.orthospirits.com\/wp-content\/uploads\/2024\/02\/Capture-decran-2024-02-07-a-17.26.23.png ,https:\/\/www.orthospirits.com\/wp-content\/uploads\/2024\/02\/Capture-decran-2024-02-07-a-17.26.23.png 780w, https:\/\/www.orthospirits.com\/wp-content\/uploads\/2024\/02\/Capture-decran-2024-02-07-a-17.26.23.png 360w\" sizes=\"auto, (max-width: 480px) 150px\" src=\"https:\/\/www.orthospirits.com\/wp-content\/uploads\/2024\/02\/Capture-decran-2024-02-07-a-17.26.23.png\" alt=\"\" class=\"uag-image-1199\" width=\"551\" height=\"559\" title=\"\" loading=\"lazy\" role=\"img\"\/><\/figure><\/div>\n\n\n\n<p><em>Molar intrusion with 2mini-screws and elastics worn over the aligner.<\/em><\/p>\n\n\n\n<div class=\"wp-block-uagb-info-box uagb-block-zxproqc7 uagb-infobox__content-wrap  uagb-infobox-icon-above-title uagb-infobox-image-valign-top\"><div class=\"uagb-ifb-content\"><div class=\"uagb-ifb-title-wrap\"><h5 class=\"uagb-ifb-title\">innovation<\/h5><\/div><p class=\"uagb-ifb-desc\">the placement of the implant is not always very simple to carry out. In the case of single or multiple extraction, over time we observe not only the movement of the teeth towards the edentulous site and consequently, a reduction in the adequate prosthetic space, but also bone remodeling which results in a three-dimensional loss of the alveolar crest. Other than advanced surgical techniques, today we have a number of alternatives, including pre-implant orthodontics.<br>.<br>L&rsquo;ouverture d&rsquo;espace dans un cas d&rsquo;ag\u00e9n\u00e9sie offrira un confort ind\u00e9niable \u00e0 la pose d&rsquo;implant.<br>Finally, bone and periodontal regeneration of the implant site by orthodontic tooth migration can be an interesting alternative solution to bone grafting.<\/p><\/div><\/div>\n<\/div>\n<\/div>\n\n\n\n<div class=\"wp-block-uagb-container uagb-block-licpkcho\">\n<div class=\"wp-block-uagb-container uagb-block-svsr0ejs\">\n<div class=\"wp-block-uagb-image alignleft uagb-block-vk5mxpvx wp-block-uagb-image--layout-default wp-block-uagb-image--effect-static wp-block-uagb-image--align-left\"><figure class=\"wp-block-uagb-image__figure\"><img decoding=\"async\" srcset=\"https:\/\/www.orthospirits.com\/wp-content\/uploads\/2024\/02\/Capture-decran-2024-01-28-a-17.02.07-1024x641.png ,https:\/\/www.orthospirits.com\/wp-content\/uploads\/2024\/02\/Capture-decran-2024-01-28-a-17.02.07.png 780w, https:\/\/www.orthospirits.com\/wp-content\/uploads\/2024\/02\/Capture-decran-2024-01-28-a-17.02.07.png 360w\" sizes=\"auto, (max-width: 480px) 150px\" src=\"https:\/\/www.orthospirits.com\/wp-content\/uploads\/2024\/02\/Capture-decran-2024-01-28-a-17.02.07-1024x641.png\" alt=\"\" class=\"uag-image-1197\" width=\"564\" height=\"376\" title=\"\" loading=\"lazy\" role=\"img\"\/><\/figure><\/div>\n\n\n\n<div class=\"wp-block-uagb-info-box uagb-block-fkvehvz8 uagb-infobox__content-wrap  uagb-infobox-icon-above-title uagb-infobox-image-valign-top\"><div class=\"uagb-ifb-content\"><div class=\"uagb-ifb-title-wrap\"><h5 class=\"uagb-ifb-title\">Expertise<\/h5><\/div><p class=\"uagb-ifb-desc\">uprighting mandibular molar.<br>Use of a sectorial with vestibular action for correction of a mesio-version of molar closing the implant space. Rectangular arc stabilized by miniscrew using the eyelet of the miniscrew head.<\/p><\/div><\/div>\n<\/div>\n\n\n\n<div class=\"wp-block-uagb-container uagb-block-a8kapudu\">\n<div class=\"wp-block-uagb-image alignleft uagb-block-oocpmsvp wp-block-uagb-image--layout-default wp-block-uagb-image--effect-static wp-block-uagb-image--align-left\"><figure class=\"wp-block-uagb-image__figure\"><img decoding=\"async\" srcset=\"https:\/\/www.orthospirits.com\/wp-content\/uploads\/2024\/02\/Capture-decran-2024-01-29-a-10.53.06.png ,https:\/\/www.orthospirits.com\/wp-content\/uploads\/2024\/02\/Capture-decran-2024-01-29-a-10.53.06.png 780w, https:\/\/www.orthospirits.com\/wp-content\/uploads\/2024\/02\/Capture-decran-2024-01-29-a-10.53.06.png 360w\" sizes=\"auto, (max-width: 480px) 150px\" src=\"https:\/\/www.orthospirits.com\/wp-content\/uploads\/2024\/02\/Capture-decran-2024-01-29-a-10.53.06.png\" alt=\"\" class=\"uag-image-1196\" width=\"564\" height=\"616\" title=\"\" loading=\"lazy\" role=\"img\"\/><\/figure><\/div>\n\n\n\n<p><em>Extrusion of canine with a 017X025 sectional wire + coil spring.<\/em><\/p>\n\n\n\n<div class=\"wp-block-uagb-info-box uagb-block-fuhskxkh uagb-infobox__content-wrap  uagb-infobox-icon-above-title uagb-infobox-image-valign-top\"><div class=\"uagb-ifb-content\"><div class=\"uagb-ifb-title-wrap\"><h5 class=\"uagb-ifb-title\">Collaboration<\/h5><\/div><p class=\"uagb-ifb-desc\">Harmonisez l&rsquo;acte proth\u00e9tique en redressant un axe molaire m\u00e9siovers\u00e9, en r\u00e9partissant harmonieusement les espaces, en augmentant un diast\u00e8me, en corrigeant une supraclusion, etc. ; <br>With simplified orthodontic mechanics and our support, you will have prosthetics perfectly in place in a few months.<br>Choose your option A_LA_CARTE (1 case) or SILVER, GOLD, or VIP depending on the number of pre-prosthetic preparations you need.<\/p><\/div><\/div>\n<\/div>\n\n\n\n<div class=\"wp-block-uagb-buttons uagb-buttons__outer-wrap uagb-btn__default-btn uagb-btn-tablet__default-btn uagb-btn-mobile__default-btn uagb-block-6305b568\"><div class=\"uagb-buttons__wrap uagb-buttons-layout-wrap\">\n<div class=\"wp-block-uagb-buttons-child uagb-buttons__outer-wrap uagb-block-c6c4af02 wp-block-button\" id=\"\/Produits\/A-LA-CARTE\/\"><div class=\"uagb-button__wrapper\"><a class=\"uagb-buttons-repeater wp-block-button__link\" aria-label=\"\" href=\"\/en\/tarif\/\" rel=\"follow noopener\" target=\"_self\"><div class=\"uagb-button__link\">Get started<\/div><\/a><\/div><\/div>\n<\/div><\/div>\n<\/div>\n<\/div><\/div>\n\n\n\n<div class=\"wp-block-uagb-container uag-blocks-common-selector uagb-block-kqgt0lef alignfull uagb-is-root-container\"><div class=\"uagb-container-inner-blocks-wrap\">\n<div class=\"wp-block-uagb-star-rating uagb-block-519uqq1x\"><div class=\"uag-star-rating\" title=\"5\/5\"><span class=\"uag-star\">\u2605<\/span><span class=\"uag-star\">\u2605<\/span><span class=\"uag-star\">\u2605<\/span><span class=\"uag-star\">\u2605<\/span><span class=\"uag-star\">\u2605<\/span><\/div><\/div>\n\n\n\n<div class=\"wp-block-uagb-info-box uagb-block-wkjj5srs uagb-infobox__content-wrap  uagb-infobox-icon-above-title uagb-infobox-image-valign-top\"><div class=\"uagb-ifb-content\"><div class=\"uagb-ifb-title-wrap\"><h5 class=\"uagb-ifb-title\">It is often preferable to combine a mini-screw to upright a versed  molar and in a few months reopen the implant space.<\/h5><\/div><\/div><\/div>\n<\/div><\/div>\n\n\n\n<div class=\"wp-block-uagb-container uagb-block-4ovi62ro alignfull uagb-is-root-container\"><div class=\"uagb-container-inner-blocks-wrap\">\n<div class=\"wp-block-uagb-container uagb-block-6fgz8fyz\">\n<div class=\"wp-block-uagb-container uagb-block-kgyi3xkp\">\n<div class=\"wp-block-uagb-info-box uagb-block-mvdwsair uagb-infobox__content-wrap  uagb-infobox-icon-above-title uagb-infobox-image-valign-top\"><div class=\"uagb-ifb-content\"><div class=\"uagb-ifb-title-wrap\"><h2 class=\"uagb-ifb-title\">Expand your clinical arsenal<\/h2><\/div><\/div><\/div>\n<\/div>\n\n\n\n<div class=\"wp-block-uagb-container uagb-block-ugj559yj\">\n<div class=\"wp-block-uagb-info-box uagb-block-kh2e511g uagb-infobox__content-wrap  uagb-infobox-icon-above-title uagb-infobox-image-valign-top\"><div class=\"uagb-ifb-content\"><div class=\"uagb-ifb-title-wrap\"><\/div><p class=\"uagb-ifb-desc\">Handle your cases from A to Z.<\/p><\/div><\/div>\n<\/div>\n<\/div>\n\n\n\n<div class=\"wp-block-uagb-container uagb-block-2ka1sdmy\">\n<div class=\"wp-block-uagb-container uagb-block-gcxf5omt\">\n<div class=\"wp-block-uagb-info-box uagb-block-tj8dvid1 uagb-infobox__content-wrap  uagb-infobox-icon-above-title uagb-infobox-image-valign-top\"><div class=\"uagb-ifb-content\"><div class=\"uagb-ifb-title-wrap\"><h4 class=\"uagb-ifb-title\">+Confidence<\/h4><\/div><p class=\"uagb-ifb-desc\">Save time. Pre-prosthetic preparation seems easy and your patient doesn't want to go see an orthodontic specialist, do it yourself!<\/p><\/div><\/div>\n<\/div>\n\n\n\n<div class=\"wp-block-uagb-container uagb-block-g8hh2ztb\">\n<div class=\"wp-block-uagb-info-box uagb-block-kjaethmb uagb-infobox__content-wrap  uagb-infobox-icon-above-title uagb-infobox-image-valign-top\"><div class=\"uagb-ifb-content\"><div class=\"uagb-ifb-title-wrap\"><h4 class=\"uagb-ifb-title\">100%<\/h4><\/div><p class=\"uagb-ifb-desc\">A patient satisfied with his new smile.<\/p><\/div><\/div>\n<\/div>\n\n\n\n<div class=\"wp-block-uagb-container uagb-block-krq4mxnv\">\n<div class=\"wp-block-uagb-info-box uagb-block-od0600gy uagb-infobox__content-wrap  uagb-infobox-icon-above-title uagb-infobox-image-valign-top\"><div class=\"uagb-ifb-content\"><div class=\"uagb-ifb-title-wrap\"><h4 class=\"uagb-ifb-title\">+ clinical tips<\/h4><\/div><p class=\"uagb-ifb-desc\">Innovez en apprenant de nouvelles astuces permettant une r\u00e9alisation courte de l&rsquo;implant et soyez moins d\u00e9labrant.<\/p><\/div><\/div>\n<\/div>\n<\/div>\n\n\n\n<p><strong><em>Vous ne poss\u00e9dez pas le mat\u00e9riel n\u00e9cessaire pour effectuer ces traitements,<mark style=\"background-color:rgba(0, 0, 0, 0)\" class=\"has-inline-color has-ast-global-color-0-color\"> Ortho Spirits <\/mark>You do not have the necessary equipment to carry out these treatments, Ortho Spirits provides you with the complete kit (rings + wire + pliers + suitable mini-screws) or send you to a laboratory for indirect bonding on brackets individualized to your case.<\/em><\/strong> (On quote)<\/p>\n\n\n\n<div class=\"wp-block-buttons is-layout-flex wp-block-buttons-is-layout-flex\">\n<div class=\"wp-block-button\"><a class=\"wp-block-button__link wp-element-button\" href=\"https:\/\/www.orthospirits.com\/contact\/\" rel=\"\/tarif\/\">Start now<\/a><\/div>\n<\/div>\n<\/div><\/div>\n\n\n\n<div class=\"wp-block-uagb-container uagb-block-mvafyiae alignfull uagb-is-root-container\"><div class=\"uagb-container-inner-blocks-wrap\">\n<div class=\"wp-block-uagb-info-box uagb-block-tvccd864 uagb-infobox__content-wrap  uagb-infobox-icon-above-title uagb-infobox-image-valign-top\"><div class=\"uagb-ifb-content\"><div class=\"uagb-ifb-title-wrap\"><h2 class=\"uagb-ifb-title\">Explore your next creations <\/h2><\/div><p class=\"uagb-ifb-desc\">Avoid the pitfalls, help us select your easy cases.<\/p><\/div><\/div>\n\n\n\n<div class=\"wp-block-uagb-container uagb-block-06edabkx\">\n<div class=\"wp-block-uagb-container uagb-block-nezt4quz\">\n<div class=\"wp-block-uagb-image alignleft uagb-block-dmj2dbm9 wp-block-uagb-image--layout-default wp-block-uagb-image--effect-static wp-block-uagb-image--align-left\"><figure class=\"wp-block-uagb-image__figure\"><img decoding=\"async\" srcset=\"https:\/\/www.orthospirits.com\/wp-content\/uploads\/2024\/02\/images-1.jpg ,https:\/\/www.orthospirits.com\/wp-content\/uploads\/2024\/02\/images-1.jpg 780w, https:\/\/www.orthospirits.com\/wp-content\/uploads\/2024\/02\/images-1.jpg 360w\" sizes=\"auto, (max-width: 480px) 150px\" src=\"https:\/\/www.orthospirits.com\/wp-content\/uploads\/2024\/02\/images-1.jpg\" alt=\"\" class=\"uag-image-1246\" width=\"282\" height=\"282\" title=\"\" loading=\"lazy\" role=\"img\"\/><\/figure><\/div>\n<\/div>\n\n\n\n<div class=\"wp-block-uagb-container uagb-block-hxkxgbsa\">\n<div class=\"wp-block-uagb-image alignleft uagb-block-m1msmyvc wp-block-uagb-image--layout-default wp-block-uagb-image--effect-static wp-block-uagb-image--align-left\"><figure class=\"wp-block-uagb-image__figure\"><img decoding=\"async\" srcset=\"https:\/\/www.orthospirits.com\/wp-content\/uploads\/2024\/02\/teeth-2833417_1280-1024x578.jpg ,https:\/\/www.orthospirits.com\/wp-content\/uploads\/2024\/02\/teeth-2833417_1280.jpg 780w, https:\/\/www.orthospirits.com\/wp-content\/uploads\/2024\/02\/teeth-2833417_1280.jpg 360w\" sizes=\"auto, (max-width: 480px) 150px\" src=\"https:\/\/www.orthospirits.com\/wp-content\/uploads\/2024\/02\/teeth-2833417_1280-1024x578.jpg\" alt=\"\" class=\"uag-image-1453\" width=\"282\" height=\"282\" title=\"\" loading=\"lazy\" role=\"img\"\/><\/figure><\/div>\n<\/div>\n\n\n\n<div class=\"wp-block-uagb-container uagb-block-edgk0nne\">\n<div class=\"wp-block-uagb-image alignleft uagb-block-vld8sjkd wp-block-uagb-image--layout-default wp-block-uagb-image--effect-static wp-block-uagb-image--align-left\"><figure class=\"wp-block-uagb-image__figure\"><img decoding=\"async\" srcset=\"https:\/\/www.orthospirits.com\/wp-content\/uploads\/2024\/02\/Capture-decran-2024-01-26-a-16.43.55.png ,https:\/\/www.orthospirits.com\/wp-content\/uploads\/2024\/02\/Capture-decran-2024-01-26-a-16.43.55.png 780w, https:\/\/www.orthospirits.com\/wp-content\/uploads\/2024\/02\/Capture-decran-2024-01-26-a-16.43.55.png 360w\" sizes=\"auto, (max-width: 480px) 150px\" src=\"https:\/\/www.orthospirits.com\/wp-content\/uploads\/2024\/02\/Capture-decran-2024-01-26-a-16.43.55.png\" alt=\"\" class=\"uag-image-1171\" width=\"282\" height=\"282\" title=\"Capture d\u2019\u00e9cran 2024-01-26 \u00e0 16.43.55\" loading=\"lazy\" role=\"img\"\/><\/figure><\/div>\n<\/div>\n\n\n\n<div class=\"wp-block-uagb-container uagb-block-dbpwvm0e\">\n<div class=\"wp-block-uagb-image alignleft uagb-block-cdxsthca wp-block-uagb-image--layout-default wp-block-uagb-image--effect-static wp-block-uagb-image--align-left\"><figure class=\"wp-block-uagb-image__figure\"><img decoding=\"async\" srcset=\"https:\/\/www.orthospirits.com\/wp-content\/uploads\/2024\/02\/Capture-decran-2024-01-28-a-19.53.27.png ,https:\/\/www.orthospirits.com\/wp-content\/uploads\/2024\/02\/Capture-decran-2024-01-28-a-19.53.27.png 780w, https:\/\/www.orthospirits.com\/wp-content\/uploads\/2024\/02\/Capture-decran-2024-01-28-a-19.53.27.png 360w\" sizes=\"auto, (max-width: 480px) 150px\" src=\"https:\/\/www.orthospirits.com\/wp-content\/uploads\/2024\/02\/Capture-decran-2024-01-28-a-19.53.27.png\" alt=\"\" class=\"uag-image-1248\" width=\"282\" height=\"282\" title=\"\" loading=\"lazy\" role=\"img\"\/><\/figure><\/div>\n<\/div>\n<\/div>\n<\/div><\/div>\n\n\n\n<div class=\"wp-block-uagb-container uagb-block-xiief0qq alignfull uagb-is-root-container\"><div class=\"uagb-container-inner-blocks-wrap\">\n<div class=\"wp-block-uagb-info-box uagb-block-bvwwprfa uagb-infobox__content-wrap  uagb-infobox-icon-above-title uagb-infobox-image-valign-top\"><div class=\"uagb-ifb-content\"><div class=\"uagb-ifb-title-wrap\"><h2 class=\"uagb-ifb-title\">Let's establish a  real synergy<\/h2><\/div><\/div><\/div>\n\n\n\n<div class=\"wp-block-uagb-buttons uagb-buttons__outer-wrap uagb-btn__default-btn uagb-btn-tablet__default-btn uagb-btn-mobile__default-btn uagb-block-ghgen2s8\"><div class=\"uagb-buttons__wrap uagb-buttons-layout-wrap\">\n<div class=\"wp-block-uagb-buttons-child uagb-buttons__outer-wrap uagb-block-cqp4tnfs wp-block-button\"><div class=\"uagb-button__wrapper\"><a class=\"uagb-buttons-repeater wp-block-button__link\" aria-label=\"\" href=\"#\" rel=\"follow noopener\" target=\"_self\"><div class=\"uagb-button__link\">Start now<\/div><\/a><\/div><\/div>\n\n\n\n<div class=\"wp-block-uagb-buttons-child uagb-buttons__outer-wrap uagb-block-wmyxzhlp wp-block-button\"><div class=\"uagb-button__wrapper\"><a class=\"uagb-buttons-repeater wp-block-button__link\" aria-label=\"\" href=\"#\" rel=\"follow noopener\" target=\"_self\"><div class=\"uagb-button__link\">Learn more<\/div><\/a><\/div><\/div>\n<\/div><\/div>\n<\/div><\/div>","protected":false},"excerpt":{"rendered":"<p>Ingression molaire sur 2 mini-implants avec port d&rsquo;\u00e9lastiques par dessus la goutti\u00e8re. Egression canine sur mini-implant avec setionnel 017X025 TMA + ressort Vous ne poss\u00e9dez pas le mat\u00e9riel n\u00e9cessaire pour effectuer ces traitements, Ortho Spirits vous fournit le kit complet (bagues + fil + pinces + mini-vis adapt\u00e9es) ou vous adresse \u00e0 un labo pour [&hellip;]<\/p>\n","protected":false},"author":6,"featured_media":0,"parent":0,"menu_order":0,"comment_status":"closed","ping_status":"closed","template":"","meta":{"_uag_custom_page_level_css":"","site-sidebar-layout":"default","site-content-layout":"","ast-site-content-layout":"default","site-content-style":"default","site-sidebar-style":"default","ast-global-header-display":"","ast-banner-title-visibility":"","ast-main-header-display":"","ast-hfb-above-header-display":"","ast-hfb-below-header-display":"","ast-hfb-mobile-header-display":"","site-post-title":"","ast-breadcrumbs-content":"","ast-featured-img":"","footer-sml-layout":"","ast-disable-related-posts":"","theme-transparent-header-meta":"","adv-header-id-meta":"","stick-header-meta":"","header-above-stick-meta":"","header-main-stick-meta":"","header-below-stick-meta":"","astra-migrate-meta-layouts":"set","ast-page-background-enabled":"default","ast-page-background-meta":{"desktop":{"background-color":"var(--ast-global-color-4)","background-image":"","background-repeat":"repeat","background-position":"center center","background-size":"auto","background-attachment":"scroll","background-type":"","background-media":"","overlay-type":"","overlay-color":"","overlay-opacity":"","overlay-gradient":""},"tablet":{"background-color":"","background-image":"","background-repeat":"repeat","background-position":"center center","background-size":"auto","background-attachment":"scroll","background-type":"","background-media":"","overlay-type":"","overlay-color":"","overlay-opacity":"","overlay-gradient":""},"mobile":{"background-color":"","background-image":"","background-repeat":"repeat","background-position":"center center","background-size":"auto","background-attachment":"scroll","background-type":"","background-media":"","overlay-type":"","overlay-color":"","overlay-opacity":"","overlay-gradient":""}},"ast-content-background-meta":{"desktop":{"background-color":"var(--ast-global-color-5)","background-image":"","background-repeat":"repeat","background-position":"center center","background-size":"auto","background-attachment":"scroll","background-type":"","background-media":"","overlay-type":"","overlay-color":"","overlay-opacity":"","overlay-gradient":""},"tablet":{"background-color":"var(--ast-global-color-5)","background-image":"","background-repeat":"repeat","background-position":"center center","background-size":"auto","background-attachment":"scroll","background-type":"","background-media":"","overlay-type":"","overlay-color":"","overlay-opacity":"","overlay-gradient":""},"mobile":{"background-color":"var(--ast-global-color-5)","background-image":"","background-repeat":"repeat","background-position":"center center","background-size":"auto","background-attachment":"scroll","background-type":"","background-media":"","overlay-type":"","overlay-color":"","overlay-opacity":"","overlay-gradient":""}},"footnotes":""},"class_list":["post-1182","page","type-page","status-publish","hentry"],"uagb_featured_image_src":{"full":false,"thumbnail":false,"medium":false,"medium_large":false,"large":false,"1536x1536":false,"2048x2048":false,"trp-custom-language-flag":false,"woocommerce_thumbnail":false,"woocommerce_single":false,"woocommerce_gallery_thumbnail":false},"uagb_author_info":{"display_name":"Ad1SUI8b4X0F","author_link":"https:\/\/dev.orthospirits.com\/en\/author\/ad1sui8b4x0f\/"},"uagb_comment_info":0,"uagb_excerpt":"Ingression molaire sur 2 mini-implants avec port d&rsquo;\u00e9lastiques par dessus la goutti\u00e8re. Egression canine sur mini-implant avec setionnel 017X025 TMA + ressort Vous ne poss\u00e9dez pas le mat\u00e9riel n\u00e9cessaire pour effectuer ces traitements, Ortho Spirits vous fournit le kit complet (bagues + fil + pinces + mini-vis adapt\u00e9es) ou vous adresse \u00e0 un labo pour&hellip;","jetpack_sharing_enabled":true,"_links":{"self":[{"href":"https:\/\/dev.orthospirits.com\/en\/wp-json\/wp\/v2\/pages\/1182","targetHints":{"allow":["GET"]}}],"collection":[{"href":"https:\/\/dev.orthospirits.com\/en\/wp-json\/wp\/v2\/pages"}],"about":[{"href":"https:\/\/dev.orthospirits.com\/en\/wp-json\/wp\/v2\/types\/page"}],"author":[{"embeddable":true,"href":"https:\/\/dev.orthospirits.com\/en\/wp-json\/wp\/v2\/users\/6"}],"replies":[{"embeddable":true,"href":"https:\/\/dev.orthospirits.com\/en\/wp-json\/wp\/v2\/comments?post=1182"}],"version-history":[{"count":33,"href":"https:\/\/dev.orthospirits.com\/en\/wp-json\/wp\/v2\/pages\/1182\/revisions"}],"predecessor-version":[{"id":1810,"href":"https:\/\/dev.orthospirits.com\/en\/wp-json\/wp\/v2\/pages\/1182\/revisions\/1810"}],"wp:attachment":[{"href":"https:\/\/dev.orthospirits.com\/en\/wp-json\/wp\/v2\/media?parent=1182"}],"curies":[{"name":"wp","href":"https:\/\/api.w.org\/{rel}","templated":true}]}}