{"id":8,"date":"2023-06-27T05:38:39","date_gmt":"2023-06-27T05:38:39","guid":{"rendered":"https:\/\/devoted-dancause-36.zipwp.dev\/?page_id=8"},"modified":"2024-08-01T12:39:07","modified_gmt":"2024-08-01T12:39:07","slug":"home","status":"publish","type":"page","link":"https:\/\/dev.orthospirits.com\/en\/","title":{"rendered":"OrthoSpirits"},"content":{"rendered":"<div class=\"wp-block-uagb-container uagb-block-edf9ad47 alignfull uagb-is-root-container\">\r\n<div class=\"uagb-container-inner-blocks-wrap\">\r\n<div class=\"wp-block-uagb-info-box uagb-block-360d083e uagb-infobox__content-wrap  uagb-infobox-icon-above-title uagb-infobox-image-valign-top\">\r\n<div class=\"uagb-ifb-content\">\r\n<div class=\"uagb-ifb-title-wrap\">\r\n<h3 class=\"uagb-ifb-title\">Transformez Vos D\u00e9fis<\/h3>\r\n<h3 class=\"uagb-ifb-title\">Orthodontiques En Succ\u00e8s<\/h3>\r\n<\/div>\r\n<p class=\"uagb-ifb-desc\"><br \/><br \/><mark class=\"has-inline-color has-ast-global-color-0-color\" style=\"background-color: rgba(0, 0, 0, 0);\">Ortho Spirits<\/mark>, expertise in orthodontics. Our mission is to analyze your clinical data and adapt a personalized treatment plan for each of your patients.<br \/><br \/><em><strong>Goodbye frustration, hello serenity<\/strong>, <strong>gain know-how and confidence<\/strong> !<\/em><br \/><br \/>Ind\u00e9pendamment de votre niveau d&rsquo;exp\u00e9rience orthodontique, que vous soyez orthodontiste exclusif, sortant de formation priv\u00e9e ou dentiste g\u00e9n\u00e9raliste, ce site est con\u00e7u pour vous conseiller. Vous ressentez le besoin d\u2019une assurance pour commencer vos cas cliniques, notre assistance connect\u00e9e et personnalis\u00e9e analysera toutes les options de traitement.<\/p>\r\n<div class=\"uagb-ifb-button-wrapper wp-block-button\"><a class=\"uagb-infobox-cta-link wp-block-button__link\" href=\"\/en\/contact\/\" target=\"_self\" rel=\"noopener noreferrer\"><span class=\"uagb-inline-editing\">join now<\/span><\/a><\/div>\r\n<\/div>\r\n<\/div>\r\n<\/div>\r\n<\/div>\r\n\r\n\r\n\r\n<div class=\"wp-block-uagb-container uagb-block-cd2fc679 alignfull uagb-is-root-container\">\r\n<div class=\"uagb-container-inner-blocks-wrap\">\r\n<div class=\"wp-block-uagb-info-box uagb-block-3b175fd5 uagb-infobox__content-wrap  uagb-infobox-icon-above-title uagb-infobox-image-valign-top\">\r\n<div class=\"uagb-ifb-content\">\r\n<div class=\"uagb-ifb-title-wrap\">\r\n<h2 class=\"uagb-ifb-title\">Our solutions<\/h2>\r\n<\/div>\r\n<p class=\"uagb-ifb-desc\"><mark class=\"has-inline-color has-ast-global-color-0-color\" style=\"background-color: rgba(0, 0, 0, 0);\">Gain peace of mind, remove your blockages<\/mark><br \/><br \/>Our remote consulting is aimed at exclusive or occasional orthodontists and offers personalized support with remote diagnosis, an adapted treatment plan and clinical coaching.<br \/>Advices that will help you gradually gain confidence.<\/p>\r\n<\/div>\r\n<\/div>\r\n\r\n\r\n\r\n<div class=\"wp-block-uagb-container uagb-block-93377a07\">\r\n<div class=\"wp-block-uagb-container uagb-block-fae5d157\">\r\n<div class=\"wp-block-uagb-image uagb-block-df4cd6be wp-block-uagb-image--layout-default wp-block-uagb-image--effect-static wp-block-uagb-image--align-none\">\r\n<figure class=\"wp-block-uagb-image__figure\"><img loading=\"lazy\" decoding=\"async\" class=\"uag-image-1149\" title=\"\" role=\"img\" src=\"https:\/\/www.orthospirits.com\/wp-content\/uploads\/2024\/02\/Capture-decran-2024-01-26-a-12.45.41.png\" sizes=\"auto, (max-width: 480px) 150px\" srcset=\"https:\/\/www.orthospirits.com\/wp-content\/uploads\/2024\/02\/Capture-decran-2024-01-26-a-12.45.41.png ,https:\/\/www.orthospirits.com\/wp-content\/uploads\/2024\/02\/Capture-decran-2024-01-26-a-12.45.41.png 780w, https:\/\/www.orthospirits.com\/wp-content\/uploads\/2024\/02\/Capture-decran-2024-01-26-a-12.45.41.png 360w\" alt=\"\" width=\"368\" height=\"480\" \/><\/figure>\r\n<\/div>\r\n\r\n\r\n\r\n<div class=\"wp-block-uagb-advanced-heading uagb-block-82da6484\">\r\n<h4 class=\"uagb-heading-text\">A-LA-CARTE<\/h4>\r\n<p class=\"uagb-desc-text\">Your first consultation, which is at the same time an initial contact, <strong>is free .<\/strong>. If, however, an additional case later concerns you, a paid consultation is at your disposal.<\/p>\r\n<\/div>\r\n<\/div>\r\n\r\n\r\n\r\n<div class=\"wp-block-uagb-container uagb-block-b4a21a88\">\r\n<div class=\"wp-block-uagb-image uagb-block-2400b6c1 wp-block-uagb-image--layout-default wp-block-uagb-image--effect-static wp-block-uagb-image--align-none\">\r\n<figure class=\"wp-block-uagb-image__figure\"><img loading=\"lazy\" decoding=\"async\" class=\"uag-image-1151\" title=\"\" role=\"img\" src=\"https:\/\/www.orthospirits.com\/wp-content\/uploads\/2024\/02\/genius-system-crystal.jpg\" sizes=\"auto, (max-width: 480px) 150px\" srcset=\"https:\/\/www.orthospirits.com\/wp-content\/uploads\/2024\/02\/genius-system-crystal.jpg ,https:\/\/www.orthospirits.com\/wp-content\/uploads\/2024\/02\/genius-system-crystal.jpg 780w, https:\/\/www.orthospirits.com\/wp-content\/uploads\/2024\/02\/genius-system-crystal.jpg 360w\" alt=\"\" width=\"373\" height=\"480\" \/><\/figure>\r\n<\/div>\r\n\r\n\r\n\r\n<div class=\"wp-block-uagb-advanced-heading uagb-block-ddf76d8a\">\r\n<h4 class=\"uagb-heading-text\">SILVER<\/h4>\r\n<p class=\"uagb-desc-text\">Un abonnement d&rsquo;un an renouvelable pour le suivi (diagnostique + traitement) de 4 cas cliniques, quelque soit la technique employ\u00e9e, aligners ou fixe (022 ou018 ). ZOOM tous les 6 mois.<\/p>\r\n<\/div>\r\n<\/div>\r\n\r\n\r\n\r\n<div class=\"wp-block-uagb-container uagb-block-4be5b602\">\r\n<div class=\"wp-block-uagb-image uagb-block-b48fe4eb wp-block-uagb-image--layout-default wp-block-uagb-image--effect-static wp-block-uagb-image--align-none\">\r\n<figure class=\"wp-block-uagb-image__figure\"><img loading=\"lazy\" decoding=\"async\" class=\"uag-image-1474\" title=\"Capture d\u2019\u00e9cran 2024-03-03 \u00e0 09.35.59\" role=\"img\" src=\"https:\/\/www.orthospirits.com\/wp-content\/uploads\/2024\/03\/Capture-decran-2024-03-03-a-09.35.59.png\" sizes=\"auto, (max-width: 480px) 150px\" srcset=\"https:\/\/www.orthospirits.com\/wp-content\/uploads\/2024\/03\/Capture-decran-2024-03-03-a-09.35.59.png ,https:\/\/www.orthospirits.com\/wp-content\/uploads\/2024\/03\/Capture-decran-2024-03-03-a-09.35.59.png 780w, https:\/\/www.orthospirits.com\/wp-content\/uploads\/2024\/03\/Capture-decran-2024-03-03-a-09.35.59.png 360w\" alt=\"\" width=\"369\" height=\"480\" \/><\/figure>\r\n<\/div>\r\n\r\n\r\n\r\n<div class=\"wp-block-uagb-advanced-heading uagb-block-2d89467b\">\r\n<h4 class=\"uagb-heading-text\">GOLD<\/h4>\r\n<p class=\"uagb-desc-text\">Un abonnement d&rsquo;un an renouvelable pour le suivi (diagnostique + traitement) de 8 cas cliniques. Entretien en ZOOM rapproch\u00e9s. Possibilit\u00e9s de v\u00e9rification des set-up des aligners ou du collage indirect en technique fixe.<\/p>\r\n<\/div>\r\n<\/div>\r\n<\/div>\r\n\r\n\r\n\r\n<div class=\"wp-block-uagb-call-to-action uagb-block-43b1c914 wp-block-button\">\r\n<div class=\"uagb-cta__wrap\">\r\n<h3 class=\"uagb-cta__title\">become member<\/h3>\r\n<\/div>\r\n<div class=\"uagb-cta__buttons\"><a class=\"uagb-cta__button-link-wrapper wp-block-button__link\" href=\"\/en\/contact\/\" target=\"_self\" rel=\"noopener noreferrer\">Register<\/a><\/div>\r\n<\/div>\r\n<\/div>\r\n<\/div>\r\n\r\n\r\n\r\n<div class=\"wp-block-uagb-container uagb-block-f8a0c41d alignfull uagb-is-root-container\">\r\n<div class=\"uagb-container-inner-blocks-wrap\">\r\n<div class=\"wp-block-uagb-image uagb-block-56133193 wp-block-uagb-image--layout-default wp-block-uagb-image--effect-static wp-block-uagb-image--align-none\">\r\n<figure class=\"wp-block-uagb-image__figure\"><img loading=\"lazy\" decoding=\"async\" class=\"uag-image-1175\" title=\"\" role=\"img\" src=\"https:\/\/www.orthospirits.com\/wp-content\/uploads\/2024\/02\/Capture-decran-2024-01-26-a-17.38.55.png\" sizes=\"auto, (max-width: 480px) 150px\" srcset=\"https:\/\/www.orthospirits.com\/wp-content\/uploads\/2024\/02\/Capture-decran-2024-01-26-a-17.38.55.png ,https:\/\/www.orthospirits.com\/wp-content\/uploads\/2024\/02\/Capture-decran-2024-01-26-a-17.38.55.png 780w, https:\/\/www.orthospirits.com\/wp-content\/uploads\/2024\/02\/Capture-decran-2024-01-26-a-17.38.55.png 360w\" alt=\"\" width=\"600\" height=\"536\" \/><\/figure>\r\n<\/div>\r\n\r\n\r\n\r\n<div class=\"wp-block-uagb-info-box uagb-block-ae9f10b2 uagb-infobox__content-wrap  uagb-infobox-icon-above-title uagb-infobox-image-valign-top\">\r\n<div class=\"uagb-ifb-content\">\r\n<div class=\"uagb-ifb-title-wrap\">\r\n<h3 class=\"uagb-ifb-title\">Our expertise<\/h3>\r\n<\/div>\r\n<p class=\"uagb-ifb-desc\"><strong><mark class=\"has-inline-color\" style=\"background-color: rgba(0, 0, 0, 0); color: #5caaaa;\">OUR ENGAGEMENT<\/mark><\/strong><br \/>Lib\u00e9rez du temps fauteuil praticien avec<mark class=\"has-inline-color has-ast-global-color-0-color\" style=\"background-color: rgba(0, 0, 0, 0);\"> ORTHO SPIRITS.<\/mark><br \/>Discover the fusion of imagination and expertise with ORTHO SPIRITS. Whatever your orthodontic background, our expertise will make each case a success and a happy patient.<br \/>D\u00e9localisez vos set-up d&rsquo;aligner ou de collage indirect vestibulaire ou lingual. D\u00e9l\u00e9guez et gagnez du temps libre.<br \/><br \/>Voyez des exemples r\u00e9els de cas cliniques que vous n\u2019auriez pas cr\u00fb r\u00e9alisables et commencez-les proprement (\u00e9vitez de d\u00e9penser du temps et de l\u2019argent \u00e0 essayer de rattraper vos erreurs plus tard).<\/p>\r\n<div class=\"uagb-ifb-button-wrapper wp-block-button\"><a class=\"uagb-infobox-cta-link wp-block-button__link\" href=\"\/en\/about\/\" target=\"_self\" rel=\"noopener noreferrer\"><span class=\"uagb-inline-editing\">Learn more<\/span><\/a><\/div>\r\n<\/div>\r\n<\/div>\r\n<\/div>\r\n<\/div>\r\n\r\n\r\n\r\n<div class=\"wp-block-uagb-container uagb-block-b9774670 alignfull uagb-is-root-container\">\r\n<div class=\"uagb-container-inner-blocks-wrap\">\r\n<div class=\"wp-block-uagb-testimonial uagb-slick-carousel uagb-tm__arrow-outside uagb-block-9c5eb390 uagb-post__carousel_notset uagb-post__carousel_notset-tablet uagb-post__carousel_notset-mobile\">\r\n<div class=\"is-carousel uagb-tm__columns-1 uagb-tm__items\">\r\n<div class=\"uagb-testimonial__wrap  uagb-tm__imgicon-style-circle uagb-tm__image-position-top uagb-tm__bg-type-none\">\r\n<div class=\"uagb-tm__content\">\r\n<div class=\"uagb-tm__overlay\">\u00a0<\/div>\r\n<div class=\"uagb-tm__image-content\">\r\n<div class=\"uagb-tm__image\"><img loading=\"lazy\" decoding=\"async\" class=\"uagb-tm-img-src\" src=\"https:\/\/www.orthospirits.com\/wp-content\/uploads\/2023\/08\/testimonial-skip-01.jpeg\" alt=\"\" width=\"64\" height=\"64\" \/><\/div>\r\n<\/div>\r\n<div class=\"uagb-tm__text-wrap\">\r\n<div class=\"uagb-tm__desc\">thanks to <mark class=\"has-inline-color has-ast-global-color-0-color\" style=\"background-color: rgba(0, 0, 0, 0);\">Ortho Spirits<\/mark>, progress with confidence!<br \/>Change the paradigm!<br \/><br \/><mark class=\"has-inline-color\" style=\"background-color: rgba(0, 0, 0, 0); color: #3bbdab;\">How to start?<\/mark><br \/><br \/>.Very easily by sending your clinical data after choosing your subscription plan. A quick response will allow you to refine your treatment plan.<\/div>\r\n<div class=\"uagb-tm__meta-inner\">\r\n<div class=\"uagb-testimonial-details\"><span class=\"uagb-tm__author-name\">fast<\/span><span class=\"uagb-tm__company\">secured<\/span><\/div>\r\n<\/div>\r\n<\/div>\r\n<\/div>\r\n<\/div>\r\n<\/div>\r\n<\/div>\r\n<\/div>\r\n<\/div>\r\n\r\n\r\n\r\n<div class=\"wp-block-uagb-container uagb-block-6cecd0c9 alignfull uagb-is-root-container\">\r\n<div class=\"uagb-container-inner-blocks-wrap\">\r\n<div class=\"wp-block-uagb-info-box uagb-block-8e8ad091 uagb-infobox__content-wrap  uagb-infobox-icon-above-title uagb-infobox-image-valign-top\">\r\n<div class=\"uagb-ifb-content\">\r\n<div class=\"uagb-ifb-title-wrap\">\r\n<h2 class=\"uagb-ifb-title\"><mark class=\"has-inline-color\" style=\"background-color: rgba(0, 0, 0, 0); color: #0f8de1;\">gain peace of mind<\/mark><\/h2>\r\n<\/div>\r\n<p class=\"uagb-ifb-desc\"><mark class=\"has-inline-color\" style=\"background-color: rgba(0, 0, 0, 0); color: #2fc6b2;\">Have you ever wished you had an experienced orthodontist or mentor to help you with any of the following?<\/mark> <br \/><strong><em>~ Treatment planning challenging cases.<br \/>Troubleshooting active clinical cases.<br \/>Improving your clinical efficiency.<\/em><\/strong><br \/><strong><em>Understand the potential of digital tools such as Dentalmonitoring<\/em><\/strong>.<br \/><br \/>~ <strong><em>~ Developing and\nimplementing clinical tips systems within your practice thanks to the E-Learning offered by the ORTHO SPIRITS ACADEMY.<\/em><\/strong>.<\/p>\r\n<\/div>\r\n<\/div>\r\n\r\n\r\n\r\n<div class=\"wp-block-uagb-container uagb-block-c43bee8b\">\r\n<div class=\"wp-block-uagb-container uagb-block-f99b0fec\">\r\n<div class=\"wp-block-uagb-image uagb-block-44c8bf0d wp-block-uagb-image--layout-default wp-block-uagb-image--effect-static wp-block-uagb-image--align-none\">\r\n<figure class=\"wp-block-uagb-image__figure\"><img loading=\"lazy\" decoding=\"async\" class=\"uag-image-1490\" title=\"Couverture d\u2019album 1600x1600 px\" role=\"img\" src=\"https:\/\/www.orthospirits.com\/wp-content\/uploads\/2024\/03\/Couverture-dalbum-1600x1600-px.jpeg\" sizes=\"auto, (max-width: 480px) 150px\" srcset=\"https:\/\/www.orthospirits.com\/wp-content\/uploads\/2024\/03\/Couverture-dalbum-1600x1600-px.jpeg ,https:\/\/www.orthospirits.com\/wp-content\/uploads\/2024\/03\/Couverture-dalbum-1600x1600-px.jpeg 780w, https:\/\/www.orthospirits.com\/wp-content\/uploads\/2024\/03\/Couverture-dalbum-1600x1600-px.jpeg 360w\" alt=\"\" width=\"732\" height=\"536\" \/><\/figure>\r\n<\/div>\r\n<\/div>\r\n\r\n\r\n\r\n<div class=\"wp-block-uagb-container uagb-block-bfb45b1a\">\r\n<div class=\"wp-block-uagb-info-box uagb-block-a5afa57d uagb-infobox__content-wrap  uagb-infobox-icon-above-title uagb-infobox-image-valign-top\">\r\n<div class=\"uagb-ifb-content\">\r\n<div class=\"uagb-ifb-title-wrap\">\r\n<h3 class=\"uagb-ifb-title\">Personalised Consultations<\/h3>\r\n<\/div>\r\n<p class=\"uagb-ifb-desc\">Recevez des conseils pour un diagnostic pr\u00e9cis et un plan de traitement sur-mesure pour bien naviguer dans le monde de l&rsquo;orthodontie. Par mer ardente, il est bon d&rsquo;avoir un skipper \u00e0 ses cot\u00e9s.<\/p>\r\n<div class=\"uagb-ifb-button-wrapper wp-block-button\"><a class=\"uagb-infobox-cta-link wp-block-button__link\" href=\"\/en\/offerings\/\" target=\"_self\" rel=\"noopener noreferrer\"><span class=\"uagb-inline-editing\">Learn more<\/span><\/a><\/div>\r\n<\/div>\r\n<\/div>\r\n<\/div>\r\n<\/div>\r\n\r\n\r\n\r\n<div class=\"wp-block-uagb-container uagb-block-8f6f9c77\">\r\n<div class=\"wp-block-uagb-container uagb-block-82076d2f\">\r\n<div class=\"wp-block-uagb-image uagb-block-3b22223c wp-block-uagb-image--layout-default wp-block-uagb-image--effect-static wp-block-uagb-image--align-none\">\r\n<figure class=\"wp-block-uagb-image__figure\"><img loading=\"lazy\" decoding=\"async\" class=\"uag-image-1152\" title=\"\" role=\"img\" src=\"https:\/\/www.orthospirits.com\/wp-content\/uploads\/2024\/02\/Capture-decran-2024-02-07-a-12.17.06.png\" sizes=\"auto, (max-width: 480px) 150px\" srcset=\"https:\/\/www.orthospirits.com\/wp-content\/uploads\/2024\/02\/Capture-decran-2024-02-07-a-12.17.06.png ,https:\/\/www.orthospirits.com\/wp-content\/uploads\/2024\/02\/Capture-decran-2024-02-07-a-12.17.06.png 780w, https:\/\/www.orthospirits.com\/wp-content\/uploads\/2024\/02\/Capture-decran-2024-02-07-a-12.17.06.png 360w\" alt=\"\" width=\"600\" height=\"500\" \/><\/figure>\r\n<\/div>\r\n<\/div>\r\n\r\n\r\n\r\n<div class=\"wp-block-uagb-container uagb-block-382c3ce0\">\r\n<div class=\"wp-block-uagb-info-box uagb-block-970aa6a9 uagb-infobox__content-wrap  uagb-infobox-icon-above-title uagb-infobox-image-valign-top\">\r\n<div class=\"uagb-ifb-content\">\r\n<div class=\"uagb-ifb-title-wrap\">\r\n<h3 class=\"uagb-ifb-title\">Diagnostic de Pr\u00e9cision<\/h3>\r\n<\/div>\r\n<p class=\"uagb-ifb-desc\">An international site<br \/><mark class=\"has-inline-color has-ast-global-color-0-color\" style=\"background-color: rgba(0, 0, 0, 0);\">ORTHO SPIRITS <\/mark>offers you a tailor-made treatment plan whatever the technique (aligners or all multi-attachment techniques) and wherever you are in the world.<\/p>\r\n<div class=\"uagb-ifb-button-wrapper wp-block-button\"><a class=\"uagb-infobox-cta-link wp-block-button__link\" href=\"\/en\/offerings\/\" target=\"_self\" rel=\"noopener noreferrer\"><span class=\"uagb-inline-editing\">Learn more<\/span><\/a><\/div>\r\n<\/div>\r\n<\/div>\r\n<\/div>\r\n<\/div>\r\n<\/div>\r\n<\/div>\r\n\r\n\r\n\n<div class=\"wp-block-uagb-container uagb-block-c84325e4 alignfull uagb-is-root-container\"><div class=\"uagb-container-inner-blocks-wrap\">\n<div class=\"wp-block-uagb-info-box uagb-block-d8a09d88 uagb-infobox__content-wrap  uagb-infobox-icon-above-title uagb-infobox-image-valign-top\"><div class=\"uagb-ifb-content\"><div class=\"uagb-ifb-title-wrap\"><h2 class=\"uagb-ifb-title\"> transform your orthodontic workflow today<\/h2><\/div><p class=\"uagb-ifb-desc\">Join <mark style=\"background-color:rgba(0, 0, 0, 0)\" class=\"has-inline-color has-ast-global-color-0-color\">Ortho Spirits<\/mark> now , follow our acute advices , anticipate the problems<br>lower your stress <\/p><div class=\"uagb-ifb-button-wrapper wp-block-button\"><a href=\"\/en\/contact\/\" class=\"uagb-infobox-cta-link wp-block-button__link\" target=\"_self\" rel=\"noopener noreferrer\" onclick=\"return true;\" alt=\"\"><span class=\"uagb-inline-editing\">Join now<\/span><\/a><\/div><\/div><\/div>\n<\/div><\/div>\n\n\n\n<figure class=\"wp-block-image\"><img decoding=\"async\" src=\"blob:https:\/\/www.orthospirits.com\/3550a708-f833-4f2e-aee2-2ac889e1998e\" alt=\"\"\/><\/figure>","protected":false},"excerpt":{"rendered":"<p>A-LA-CARTE Votre premi\u00e8re consultation, qui est en m\u00eame temps une prise de contact, est gratuite. Si toutefois, un cas suppl\u00e9mentaire plus tard vous interpelle, une consultation payante est \u00e0 votre disposition. SILVER Un abonnement d&rsquo;un an renouvelable pour le suivi (diagnostique + traitement) de 4 cas cliniques, quelque soit la technique employ\u00e9e, aligners ou fixe [&hellip;]<\/p>\n","protected":false},"author":6,"featured_media":1205,"parent":0,"menu_order":0,"comment_status":"closed","ping_status":"closed","template":"","meta":{"_uag_custom_page_level_css":"","site-sidebar-layout":"default","site-content-layout":"","ast-site-content-layout":"default","site-content-style":"default","site-sidebar-style":"default","ast-global-header-display":"","ast-banner-title-visibility":"","ast-main-header-display":"","ast-hfb-above-header-display":"","ast-hfb-below-header-display":"","ast-hfb-mobile-header-display":"","site-post-title":"disabled","ast-breadcrumbs-content":"","ast-featured-img":"","footer-sml-layout":"","ast-disable-related-posts":"","theme-transparent-header-meta":"enabled","adv-header-id-meta":"","stick-header-meta":"","header-above-stick-meta":"","header-main-stick-meta":"","header-below-stick-meta":"","astra-migrate-meta-layouts":"default","ast-page-background-enabled":"default","ast-page-background-meta":{"desktop":{"background-color":"var(--ast-global-color-4)","background-image":"","background-repeat":"repeat","background-position":"center center","background-size":"auto","background-attachment":"scroll","background-type":"","background-media":"","overlay-type":"","overlay-color":"","overlay-opacity":"","overlay-gradient":""},"tablet":{"background-color":"","background-image":"","background-repeat":"repeat","background-position":"center center","background-size":"auto","background-attachment":"scroll","background-type":"","background-media":"","overlay-type":"","overlay-color":"","overlay-opacity":"","overlay-gradient":""},"mobile":{"background-color":"","background-image":"","background-repeat":"repeat","background-position":"center center","background-size":"auto","background-attachment":"scroll","background-type":"","background-media":"","overlay-type":"","overlay-color":"","overlay-opacity":"","overlay-gradient":""}},"ast-content-background-meta":{"desktop":{"background-color":"var(--ast-global-color-5)","background-image":"","background-repeat":"repeat","background-position":"center center","background-size":"auto","background-attachment":"scroll","background-type":"","background-media":"","overlay-type":"","overlay-color":"","overlay-opacity":"","overlay-gradient":""},"tablet":{"background-color":"var(--ast-global-color-5)","background-image":"","background-repeat":"repeat","background-position":"center center","background-size":"auto","background-attachment":"scroll","background-type":"","background-media":"","overlay-type":"","overlay-color":"","overlay-opacity":"","overlay-gradient":""},"mobile":{"background-color":"var(--ast-global-color-5)","background-image":"","background-repeat":"repeat","background-position":"center center","background-size":"auto","background-attachment":"scroll","background-type":"","background-media":"","overlay-type":"","overlay-color":"","overlay-opacity":"","overlay-gradient":""}},"footnotes":""},"class_list":["post-8","page","type-page","status-publish","has-post-thumbnail","hentry"],"uagb_featured_image_src":{"full":["https:\/\/dev.orthospirits.com\/wp-content\/uploads\/2024\/02\/Capture-decran-2024-01-26-a-12.11.01.png",1789,447,false],"thumbnail":["https:\/\/dev.orthospirits.com\/wp-content\/uploads\/2024\/02\/Capture-decran-2024-01-26-a-12.11.01-150x150.png",150,150,true],"medium":["https:\/\/dev.orthospirits.com\/wp-content\/uploads\/2024\/02\/Capture-decran-2024-01-26-a-12.11.01-300x75.png",300,75,true],"medium_large":["https:\/\/dev.orthospirits.com\/wp-content\/uploads\/2024\/02\/Capture-decran-2024-01-26-a-12.11.01-768x192.png",768,192,true],"large":["https:\/\/dev.orthospirits.com\/wp-content\/uploads\/2024\/02\/Capture-decran-2024-01-26-a-12.11.01-1024x256.png",1024,256,true],"1536x1536":["https:\/\/dev.orthospirits.com\/wp-content\/uploads\/2024\/02\/Capture-decran-2024-01-26-a-12.11.01-1536x384.png",1536,384,true],"2048x2048":["https:\/\/dev.orthospirits.com\/wp-content\/uploads\/2024\/02\/Capture-decran-2024-01-26-a-12.11.01.png",1789,447,false],"trp-custom-language-flag":["https:\/\/dev.orthospirits.com\/wp-content\/uploads\/2024\/02\/Capture-decran-2024-01-26-a-12.11.01.png",18,4,false],"woocommerce_thumbnail":["https:\/\/dev.orthospirits.com\/wp-content\/uploads\/2024\/02\/Capture-decran-2024-01-26-a-12.11.01-300x300.png",300,300,true],"woocommerce_single":["https:\/\/dev.orthospirits.com\/wp-content\/uploads\/2024\/02\/Capture-decran-2024-01-26-a-12.11.01-600x150.png",600,150,true],"woocommerce_gallery_thumbnail":["https:\/\/dev.orthospirits.com\/wp-content\/uploads\/2024\/02\/Capture-decran-2024-01-26-a-12.11.01-100x100.png",100,100,true]},"uagb_author_info":{"display_name":"Ad1SUI8b4X0F","author_link":"https:\/\/dev.orthospirits.com\/en\/author\/ad1sui8b4x0f\/"},"uagb_comment_info":0,"uagb_excerpt":"A-LA-CARTE Votre premi\u00e8re consultation, qui est en m\u00eame temps une prise de contact, est gratuite. Si toutefois, un cas suppl\u00e9mentaire plus tard vous interpelle, une consultation payante est \u00e0 votre disposition. SILVER Un abonnement d&rsquo;un an renouvelable pour le suivi (diagnostique + traitement) de 4 cas cliniques, quelque soit la technique employ\u00e9e, aligners ou fixe&hellip;","jetpack_sharing_enabled":true,"_links":{"self":[{"href":"https:\/\/dev.orthospirits.com\/en\/wp-json\/wp\/v2\/pages\/8","targetHints":{"allow":["GET"]}}],"collection":[{"href":"https:\/\/dev.orthospirits.com\/en\/wp-json\/wp\/v2\/pages"}],"about":[{"href":"https:\/\/dev.orthospirits.com\/en\/wp-json\/wp\/v2\/types\/page"}],"author":[{"embeddable":true,"href":"https:\/\/dev.orthospirits.com\/en\/wp-json\/wp\/v2\/users\/6"}],"replies":[{"embeddable":true,"href":"https:\/\/dev.orthospirits.com\/en\/wp-json\/wp\/v2\/comments?post=8"}],"version-history":[{"count":43,"href":"https:\/\/dev.orthospirits.com\/en\/wp-json\/wp\/v2\/pages\/8\/revisions"}],"predecessor-version":[{"id":1875,"href":"https:\/\/dev.orthospirits.com\/en\/wp-json\/wp\/v2\/pages\/8\/revisions\/1875"}],"wp:featuredmedia":[{"embeddable":true,"href":"https:\/\/dev.orthospirits.com\/en\/wp-json\/wp\/v2\/media\/1205"}],"wp:attachment":[{"href":"https:\/\/dev.orthospirits.com\/en\/wp-json\/wp\/v2\/media?parent=8"}],"curies":[{"name":"wp","href":"https:\/\/api.w.org\/{rel}","templated":true}]}}